{"id":2729,"date":"2025-02-24T07:27:59","date_gmt":"2025-02-24T12:27:59","guid":{"rendered":"https:\/\/www.regnr.ca\/gestion-des-matieres-dangereuses-residuelles\/"},"modified":"2025-10-09T16:38:41","modified_gmt":"2025-10-09T20:38:41","slug":"recuperation","status":"publish","type":"page","link":"https:\/\/www.regnr.ca\/en\/expertise\/recuperation\/","title":{"rendered":"Management of residual hazardous materials"},"content":{"rendered":"\t\t<div data-elementor-type=\"wp-page\" data-elementor-id=\"2729\" class=\"elementor elementor-2729 elementor-2554\" data-elementor-post-type=\"page\">\n\t\t\t\t<div class=\"elementor-element elementor-element-57d315f9 e-con-full top-banner e-flex e-con e-parent\" data-id=\"57d315f9\" data-element_type=\"container\" data-settings=\"{&quot;background_background&quot;:&quot;classic&quot;}\">\n\t\t\t\t<div class=\"elementor-element elementor-element-6cf0ee2f titre-top-banner elementor-widget elementor-widget-heading\" data-id=\"6cf0ee2f\" data-element_type=\"widget\" data-widget_type=\"heading.default\">\n\t\t\t\t<div class=\"elementor-widget-container\">\n\t\t\t<h1 class=\"elementor-heading-title elementor-size-default\">Management of <br>\nhazardous waste <br>\n materials<\/h1>\t\t<\/div>\n\t\t\t\t<\/div>\n\t\t\t\t<\/div>\n\t\t<div class=\"elementor-element elementor-element-42a72d1 e-con-full e-flex e-con e-parent\" data-id=\"42a72d1\" data-element_type=\"container\">\n\t\t<div class=\"elementor-element elementor-element-d6ec708 e-con-full elementor-hidden-tablet_extra elementor-hidden-tablet elementor-hidden-mobile_extra elementor-hidden-mobile e-flex e-con e-child\" data-id=\"d6ec708\" data-element_type=\"container\">\n\t\t\t\t<\/div>\n\t\t<div class=\"elementor-element elementor-element-9456100 e-con-full e-flex e-con e-child\" data-id=\"9456100\" data-element_type=\"container\">\n\t\t<div class=\"elementor-element elementor-element-8747eb8 e-con-full e-flex e-con e-child\" data-id=\"8747eb8\" data-element_type=\"container\">\n\t\t\t\t<div class=\"elementor-element elementor-element-9549156 elementor-widget elementor-widget-heading\" data-id=\"9549156\" data-element_type=\"widget\" data-widget_type=\"heading.default\">\n\t\t\t\t<div class=\"elementor-widget-container\">\n\t\t\t<h2 class=\"elementor-heading-title elementor-size-default\">Your needs<\/h2>\t\t<\/div>\n\t\t\t\t<\/div>\n\t\t\t\t<div class=\"elementor-element elementor-element-55e10dc elementor-widget elementor-widget-text-editor\" data-id=\"55e10dc\" data-element_type=\"widget\" data-widget_type=\"text-editor.default\">\n\t\t\t\t<div class=\"elementor-widget-container\">\n\t\t\t\t\t\t\t<p>ReGNR offers an extensive range of services for managing hazardous waste materials. Did you know that the mechanical maintenance of your company or organization\u2019s equipment generates hazardous materials such as waste oil (industrial oil, mechanical oil, motor oil, lubricating oil), used filters (oil filter, engine air filter, truck filter, engine filter), contaminated plastic containers (1 litre, 4 litre, 5 gallon, 5 pint), glycol (antifreeze, windshield washer or coolant) or aerosols (aerosol cans, lubricants, degreasers and paint)?\u00a0 We can help you dispose of them in accordance with industry best practices, process or even redevelop them.\u00a0\u00a0<\/p>\t\t\t\t\t\t<\/div>\n\t\t\t\t<\/div>\n\t\t\t\t<\/div>\n\t\t\t\t<\/div>\n\t\t\t\t<\/div>\n\t\t<div class=\"elementor-element elementor-element-c265b85 e-con-full e-flex e-con e-parent\" data-id=\"c265b85\" data-element_type=\"container\">\n\t\t<div class=\"elementor-element elementor-element-0f8530e e-con-full elementor-hidden-tablet_extra elementor-hidden-tablet elementor-hidden-mobile_extra elementor-hidden-mobile e-flex e-con e-child\" data-id=\"0f8530e\" data-element_type=\"container\">\n\t\t\t\t<\/div>\n\t\t<div class=\"elementor-element elementor-element-73cb2f7 e-con-full e-flex e-con e-child\" data-id=\"73cb2f7\" data-element_type=\"container\">\n\t\t<div class=\"elementor-element elementor-element-5faedc4 e-con-full e-flex e-con e-child\" data-id=\"5faedc4\" data-element_type=\"container\">\n\t\t\t\t<div class=\"elementor-element elementor-element-da9685e elementor-widget elementor-widget-heading\" data-id=\"da9685e\" data-element_type=\"widget\" data-widget_type=\"heading.default\">\n\t\t\t\t<div class=\"elementor-widget-container\">\n\t\t\t<h2 class=\"elementor-heading-title elementor-size-default\">Solutions<\/h2>\t\t<\/div>\n\t\t\t\t<\/div>\n\t\t\t\t<div class=\"elementor-element elementor-element-c252168 elementor-widget elementor-widget-text-editor\" data-id=\"c252168\" data-element_type=\"widget\" data-widget_type=\"text-editor.default\">\n\t\t\t\t<div class=\"elementor-widget-container\">\n\t\t\t\t\t\t\t<p>The ReGNR team will travel to your sites to collect, recover and process contaminated materials and waste oil in order to give them a second life. We process and test oil to ensure it meets the highest performance and safety standards with a view to reselling it. Is your organization authorized to use waste oil as an industrial combustible or component? ReGNR is your top of class service provider.\u00a0\u00a0<\/p><p>ReGNR is a member of the Soci\u00e9t\u00e9 de gestion des huiles usag\u00e9es (SOGHU) as a collector and processor and is also an Environmental Solutions Partner that can support you throughout the waste oil collection and recovery process.\u00a0\u00a0<\/p><p>To find out how we manage waste materials, collect waste oil, transport hazardous materials and redevelop industrial waste, click <strong><a href=\"https:\/\/www.regnr.ca\/en\/faq\/\">here<\/a><\/strong>!<\/p><p>To find out more about our team, visit the <a href=\"\/en\/our-team\/\"><strong>Our team<\/strong><\/a> section.\u00a0<\/p>\t\t\t\t\t\t<\/div>\n\t\t\t\t<\/div>\n\t\t\t\t<\/div>\n\t\t\t\t<div class=\"elementor-element elementor-element-6b7cbce elementor-widget__width-initial elementor-widget elementor-widget-image\" data-id=\"6b7cbce\" data-element_type=\"widget\" data-widget_type=\"image.default\">\n\t\t\t\t<div class=\"elementor-widget-container\">\n\t\t\t\t\t\t\t\t\t\t\t\t\t<img fetchpriority=\"high\" decoding=\"async\" width=\"502\" height=\"356\" src=\"https:\/\/www.regnr.ca\/wp-content\/uploads\/2025\/02\/solution.png\" class=\"attachment-large size-large wp-image-2415\" alt=\"solution\" srcset=\"https:\/\/www.regnr.ca\/wp-content\/uploads\/2025\/02\/solution.png 502w, https:\/\/www.regnr.ca\/wp-content\/uploads\/2025\/02\/solution-300x213.png 300w\" sizes=\"(max-width: 502px) 100vw, 502px\" \/>\t\t\t\t\t\t\t\t\t\t\t\t\t<\/div>\n\t\t\t\t<\/div>\n\t\t\t\t<\/div>\n\t\t\t\t<\/div>\n\t\t<div class=\"elementor-element elementor-element-e43b79e e-con-full e-flex e-con e-parent\" data-id=\"e43b79e\" data-element_type=\"container\">\n\t\t\t\t<div class=\"elementor-element elementor-element-16c4eaf elementor-widget elementor-widget-template\" data-id=\"16c4eaf\" data-element_type=\"widget\" data-widget_type=\"template.default\">\n\t\t\t\t<div class=\"elementor-widget-container\">\n\t\t\t\t\t<div class=\"elementor-template\">\n\t\t\t\t\t<div data-elementor-type=\"container\" data-elementor-id=\"3540\" class=\"elementor elementor-3540 elementor-2326\" data-elementor-post-type=\"elementor_library\">\n\t\t\t\t<div class=\"elementor-element elementor-element-515a571a e-con-full marquee-wrapper e-flex e-con e-parent\" data-id=\"515a571a\" data-element_type=\"container\" data-settings=\"{&quot;background_background&quot;:&quot;classic&quot;}\">\n\t\t\t\t<div class=\"elementor-element elementor-element-20eeab4a marquee-content elementor-widget elementor-widget-text-editor\" data-id=\"20eeab4a\" data-element_type=\"widget\" data-widget_type=\"text-editor.default\">\n\t\t\t\t<div class=\"elementor-widget-container\">\n\t\t\t\t\t\t\t<p>ACCIDENTAL SPILL? EMERGENCY? WE\u2019RE AVAILABLE 24\/7.<\/p>\t\t\t\t\t\t<\/div>\n\t\t\t\t<\/div>\n\t\t\t\t<\/div>\n\t\t\t\t<\/div>\n\t\t\t\t<\/div>\n\t\t\t\t<\/div>\n\t\t\t\t<\/div>\n\t\t\t\t<\/div>\n\t\t<div class=\"elementor-element elementor-element-4ac360e e-con-full e-flex e-con e-parent\" data-id=\"4ac360e\" data-element_type=\"container\" data-settings=\"{&quot;background_background&quot;:&quot;classic&quot;}\">\n\t\t\t\t<div class=\"elementor-element elementor-element-2782c34 elementor-widget elementor-widget-template\" data-id=\"2782c34\" data-element_type=\"widget\" data-widget_type=\"template.default\">\n\t\t\t\t<div class=\"elementor-widget-container\">\n\t\t\t\t\t<div class=\"elementor-template\">\n\t\t\t\t\t<div data-elementor-type=\"container\" data-elementor-id=\"3510\" class=\"elementor elementor-3510 elementor-2007\" data-elementor-post-type=\"elementor_library\">\n\t\t\t\t<div class=\"elementor-element elementor-element-5fe0207c e-flex e-con-boxed e-con e-parent\" data-id=\"5fe0207c\" data-element_type=\"container\">\n\t\t\t\t\t<div class=\"e-con-inner\">\n\t\t\t\t<div class=\"elementor-element elementor-element-6ba84a6b elementor-widget__width-inherit elementor-widget elementor-widget-heading\" data-id=\"6ba84a6b\" data-element_type=\"widget\" data-widget_type=\"heading.default\">\n\t\t\t\t<div class=\"elementor-widget-container\">\n\t\t\t<h2 class=\"elementor-heading-title elementor-size-default\">OUR CLIENTS WHO PUT THEIR TRUST IN US<\/h2>\t\t<\/div>\n\t\t\t\t<\/div>\n\t\t\t\t<div class=\"elementor-element elementor-element-d5083db elementor-widget__width-initial client-carousel elementor-pagination-position-outside elementor-widget elementor-widget-image-carousel\" data-id=\"d5083db\" data-element_type=\"widget\" data-settings=\"{&quot;slides_to_show&quot;:&quot;3&quot;,&quot;slides_to_scroll&quot;:&quot;1&quot;,&quot;navigation&quot;:&quot;dots&quot;,&quot;image_spacing_custom&quot;:{&quot;unit&quot;:&quot;px&quot;,&quot;size&quot;:50,&quot;sizes&quot;:[]},&quot;autoplay&quot;:&quot;yes&quot;,&quot;pause_on_hover&quot;:&quot;yes&quot;,&quot;pause_on_interaction&quot;:&quot;yes&quot;,&quot;autoplay_speed&quot;:5000,&quot;infinite&quot;:&quot;yes&quot;,&quot;speed&quot;:500,&quot;image_spacing_custom_widescreen&quot;:{&quot;unit&quot;:&quot;px&quot;,&quot;size&quot;:&quot;&quot;,&quot;sizes&quot;:[]},&quot;image_spacing_custom_laptop&quot;:{&quot;unit&quot;:&quot;px&quot;,&quot;size&quot;:&quot;&quot;,&quot;sizes&quot;:[]},&quot;image_spacing_custom_tablet_extra&quot;:{&quot;unit&quot;:&quot;px&quot;,&quot;size&quot;:&quot;&quot;,&quot;sizes&quot;:[]},&quot;image_spacing_custom_tablet&quot;:{&quot;unit&quot;:&quot;px&quot;,&quot;size&quot;:&quot;&quot;,&quot;sizes&quot;:[]},&quot;image_spacing_custom_mobile_extra&quot;:{&quot;unit&quot;:&quot;px&quot;,&quot;size&quot;:&quot;&quot;,&quot;sizes&quot;:[]},&quot;image_spacing_custom_mobile&quot;:{&quot;unit&quot;:&quot;px&quot;,&quot;size&quot;:&quot;&quot;,&quot;sizes&quot;:[]}}\" data-widget_type=\"image-carousel.default\">\n\t\t\t\t<div class=\"elementor-widget-container\">\n\t\t\t\t\t<div class=\"elementor-image-carousel-wrapper swiper\" dir=\"ltr\">\n\t\t\t<div class=\"elementor-image-carousel swiper-wrapper\" aria-live=\"off\">\n\t\t\t\t\t\t\t\t<div class=\"swiper-slide\" role=\"group\" aria-roledescription=\"slide\" aria-label=\"1 of 8\"><figure class=\"swiper-slide-inner\"><img decoding=\"async\" class=\"swiper-slide-image\" src=\"https:\/\/www.regnr.ca\/wp-content\/uploads\/2025\/02\/logo-hydro-quebec.svg\" alt=\"Hydro quebec\" \/><\/figure><\/div><div class=\"swiper-slide\" role=\"group\" aria-roledescription=\"slide\" aria-label=\"2 of 8\"><figure class=\"swiper-slide-inner\"><img decoding=\"async\" class=\"swiper-slide-image\" src=\"https:\/\/www.regnr.ca\/wp-content\/uploads\/2025\/02\/logo-ville-quebec.svg\" alt=\"Ville quebec\" \/><\/figure><\/div><div class=\"swiper-slide\" role=\"group\" aria-roledescription=\"slide\" aria-label=\"3 of 8\"><figure class=\"swiper-slide-inner\"><img decoding=\"async\" class=\"swiper-slide-image\" src=\"https:\/\/www.regnr.ca\/wp-content\/uploads\/2025\/02\/logo-domtar-300x68.webp\" alt=\"domtar\" \/><\/figure><\/div><div class=\"swiper-slide\" role=\"group\" aria-roledescription=\"slide\" aria-label=\"4 of 8\"><figure class=\"swiper-slide-inner\"><img decoding=\"async\" class=\"swiper-slide-image\" src=\"https:\/\/www.regnr.ca\/wp-content\/uploads\/2025\/02\/elkem-logo-red.svg\" alt=\"elkem\" \/><\/figure><\/div><div class=\"swiper-slide\" role=\"group\" aria-roledescription=\"slide\" aria-label=\"5 of 8\"><figure class=\"swiper-slide-inner\"><img decoding=\"async\" class=\"swiper-slide-image\" src=\"https:\/\/www.regnr.ca\/wp-content\/uploads\/2025\/02\/ColJaune-4_0.png-300x97.png\" alt=\"Colas Quebec\" \/><\/figure><\/div><div class=\"swiper-slide\" role=\"group\" aria-roledescription=\"slide\" aria-label=\"6 of 8\"><figure class=\"swiper-slide-inner\"><img decoding=\"async\" class=\"swiper-slide-image\" src=\"https:\/\/www.regnr.ca\/wp-content\/uploads\/2025\/02\/nutrinor-75.svg\" alt=\"nutrinor 75\" \/><\/figure><\/div><div class=\"swiper-slide\" role=\"group\" aria-roledescription=\"slide\" aria-label=\"7 of 8\"><figure class=\"swiper-slide-inner\"><img decoding=\"async\" class=\"swiper-slide-image\" src=\"https:\/\/www.regnr.ca\/wp-content\/uploads\/2025\/02\/Logo_RTC_Bleu-300x149.png\" alt=\"RTC\" \/><\/figure><\/div><div class=\"swiper-slide\" role=\"group\" aria-roledescription=\"slide\" aria-label=\"8 of 8\"><figure class=\"swiper-slide-inner\"><img decoding=\"async\" class=\"swiper-slide-image\" src=\"https:\/\/www.regnr.ca\/wp-content\/uploads\/2025\/03\/peche-et-ocean-canada-300x105.jpg\" alt=\"p\u00eache et oc\u00e9an canada\" \/><\/figure><\/div>\t\t\t<\/div>\n\t\t\t\t\t\t\t\n\t\t\t\t\t\t\t\t\t<div class=\"swiper-pagination\"><\/div>\n\t\t\t\t\t\t\t\t\t<\/div>\n\t\t\t\t<\/div>\n\t\t\t\t<\/div>\n\t\t\t\t\t<\/div>\n\t\t\t\t<\/div>\n\t\t\t\t<\/div>\n\t\t\t\t<\/div>\n\t\t\t\t<\/div>\n\t\t\t\t<\/div>\n\t\t\t\t<\/div>\n\t\t\t\t<\/div>\n\t\t","protected":false},"excerpt":{"rendered":"<p>Management of hazardous waste materials Your needs ReGNR offers an extensive range of services for managing hazardous waste materials. Did you know that the mechanical maintenance of your company or organization\u2019s equipment generates hazardous materials such as waste oil (industrial oil, mechanical oil, motor oil, lubricating oil), used filters (oil filter, engine air filter, truck [&hellip;]<\/p>\n","protected":false},"author":1,"featured_media":0,"parent":2731,"menu_order":0,"comment_status":"closed","ping_status":"closed","template":"","meta":{"inline_featured_image":false,"footnotes":""},"class_list":["post-2729","page","type-page","status-publish","hentry"],"_links":{"self":[{"href":"https:\/\/www.regnr.ca\/en\/wp-json\/wp\/v2\/pages\/2729","targetHints":{"allow":["GET"]}}],"collection":[{"href":"https:\/\/www.regnr.ca\/en\/wp-json\/wp\/v2\/pages"}],"about":[{"href":"https:\/\/www.regnr.ca\/en\/wp-json\/wp\/v2\/types\/page"}],"author":[{"embeddable":true,"href":"https:\/\/www.regnr.ca\/en\/wp-json\/wp\/v2\/users\/1"}],"replies":[{"embeddable":true,"href":"https:\/\/www.regnr.ca\/en\/wp-json\/wp\/v2\/comments?post=2729"}],"version-history":[{"count":30,"href":"https:\/\/www.regnr.ca\/en\/wp-json\/wp\/v2\/pages\/2729\/revisions"}],"predecessor-version":[{"id":4001,"href":"https:\/\/www.regnr.ca\/en\/wp-json\/wp\/v2\/pages\/2729\/revisions\/4001"}],"up":[{"embeddable":true,"href":"https:\/\/www.regnr.ca\/en\/wp-json\/wp\/v2\/pages\/2731"}],"wp:attachment":[{"href":"https:\/\/www.regnr.ca\/en\/wp-json\/wp\/v2\/media?parent=2729"}],"curies":[{"name":"wp","href":"https:\/\/api.w.org\/{rel}","templated":true}]}}